{"id":361,"date":"2024-06-22T13:16:34","date_gmt":"2024-06-22T13:16:34","guid":{"rendered":"http:\/\/abogada-marcelo.com\/?page_id=361"},"modified":"2024-07-06T17:26:41","modified_gmt":"2024-07-06T17:26:41","slug":"adjustment-of-status","status":"publish","type":"page","link":"https:\/\/abogada-marcelo.com\/es\/adjustment-of-status\/","title":{"rendered":"Ajuste de Estado"},"content":{"rendered":"<div class=\"wp-block-cover alignfull wp-duotone-094850-f9644e-2\" style=\"margin-top:0;padding-top:48px;padding-right:48px;padding-bottom:48px;padding-left:48px;min-height:523px;aspect-ratio:unset;\"><span aria-hidden=\"true\" class=\"wp-block-cover__background has-background-dim-30 has-background-dim\" style=\"background-color:#6b7c84\"><\/span><img loading=\"lazy\" decoding=\"async\" width=\"999\" height=\"664\" class=\"wp-block-cover__image-background wp-image-80\" alt=\"\" src=\"http:\/\/abogada-marcelo.com\/wp-content\/uploads\/2024\/06\/green-card.jpg\" data-object-fit=\"cover\" srcset=\"https:\/\/abogada-marcelo.com\/wp-content\/uploads\/2024\/06\/green-card.jpg 999w, https:\/\/abogada-marcelo.com\/wp-content\/uploads\/2024\/06\/green-card-300x199.jpg 300w, https:\/\/abogada-marcelo.com\/wp-content\/uploads\/2024\/06\/green-card-768x510.jpg 768w, https:\/\/abogada-marcelo.com\/wp-content\/uploads\/2024\/06\/green-card-18x12.jpg 18w\" sizes=\"auto, (max-width: 999px) 100vw, 999px\" \/><div class=\"wp-block-cover__inner-container is-layout-flow wp-block-cover-is-layout-flow\">\n<div class=\"wp-block-group is-content-justification-left\"><div class=\"wp-block-group__inner-container is-layout-constrained wp-container-core-group-is-layout-7206f975 wp-block-group-is-layout-constrained\">\n<h2 class=\"wp-block-heading has-text-align-left has-white-color has-text-color\" style=\"font-size:100px;font-style:normal;font-weight:700;letter-spacing:0px;line-height:1;text-transform:uppercase\"><strong>Procesos para la Tarjeta Verde:<\/strong><\/h2>\n<\/div><\/div>\n\n\n\n<div style=\"height:72px\" aria-hidden=\"true\" class=\"wp-block-spacer\"><\/div>\n\n\n\n<div class=\"wp-block-buttons is-content-justification-left is-nowrap is-layout-flex wp-container-core-buttons-is-layout-6447b855 wp-block-buttons-is-layout-flex\">\n<div class=\"wp-block-button has-custom-font-size is-style-outline is-style-outline--1\" style=\"font-size:16px;font-style:normal;font-weight:600;letter-spacing:0px;text-transform:uppercase\"><a class=\"wp-block-button__link has-white-color has-text-color wp-element-button\" href=\"http:\/\/abogada-marcelo.com\/es\/contact\/\" style=\"padding-top:24px;padding-right:48px;padding-bottom:24px;padding-left:48px\">CONT\u00c1CTAME<\/a><\/div>\n<\/div>\n<\/div><\/div>\n\n\n\n<ul class=\"wp-block-list\">\n<li>El ajuste de estatus es el proceso que usted puede utilizar para solicitar el estatus de residente permanente legal (tambi\u00e9n conocido como solicitar una Tarjeta Verde) cuando se encuentra presente en los Estados Unidos.\n<ul class=\"wp-block-list\">\n<li><strong>Cuban Adjustment:<\/strong> Our attorneys have accumulated years of experience working with this type of adjustment of status, and thousands of Cubans and family members have become lawful permanent residents with their help. The Cuban Adjustment Act of 1966 (CAA) allows Cuban natives or citizens living in the United States who meet certain eligibility requirements to apply to become lawful permanent residents (get a Green Card). <strong>Eligibility Requirements:<\/strong>\n<ul class=\"wp-block-list\">\n<li>Usted archiva correctamente&nbsp;<a href=\"https:\/\/www.uscis.gov\/i-485\">Form I-485, Application to Register Permanent Residence or Adjust Status<\/a>;<\/li>\n\n\n\n<li>Eres nativo o <strong>Ciudadano de Cuba;<\/strong><\/li>\n\n\n\n<li>Usted fue inspeccionado y admitido o puesto en parole despu\u00e9s del 1 de enero de 1959;<\/li>\n\n\n\n<li>Ha estado f\u00edsicamente presente en los Estados Unidos durante al menos un a\u00f1o al momento de presentar su Formulario I-485;<\/li>\n\n\n\n<li>Ha estado f\u00edsicamente presente en los Estados Unidos durante al menos un a\u00f1o al momento de presentar su Formulario I-485;<\/li>\n\n\n\n<li>Usted es admisible en los Estados Unidos para la residencia permanente legal o es elegible para una exenci\u00f3n de inadmisibilidad u otra forma de alivio, y usted merece el ejercicio favorable de las medidas de USCIS.&nbsp;<a href=\"https:\/\/www.uscis.gov\/policy-manual\/volume-7-part-a-chapter-10\">discretion<\/a>.<\/li>\n<\/ul>\n<\/li>\n<\/ul>\n<\/li>\n<\/ul>\n\n\n\n<ul class=\"wp-block-list\">\n<li><strong>Basado en la familia:<\/strong> La ley de inmigraci\u00f3n de los Estados Unidos permite que ciertos no ciudadanos que son familiares de ciudadanos estadounidenses y residentes permanentes legales se conviertan en residentes permanentes legales. No es raro ver familias separadas durante mucho tiempo debido a problemas de inmigraci\u00f3n.\n<ul class=\"wp-block-list\">\n<li><strong>Si eres ciudadano estadounidense<\/strong>:\n<ul class=\"wp-block-list\">\n<li><strong>Puede presentar el Formulario I-130 \u201cPetici\u00f3n de familiar extranjero\u201d para:<\/strong>\n<ul class=\"wp-block-list\">\n<li>Tu c\u00f3nyuge;<\/li>\n\n\n\n<li>Sus hijos solteros menores de 21 a\u00f1os;<\/li>\n\n\n\n<li>Sus hijos o hijas solteros de 21 a\u00f1os de edad o m\u00e1s;<\/li>\n\n\n\n<li>Sus hijos o hijas solteros de 21 a\u00f1os de edad o m\u00e1s;<\/li>\n\n\n\n<li>Tus hermanos o hermanas (debes tener 21 a\u00f1os de edad o m\u00e1s); y<\/li>\n\n\n\n<li>Tus hermanos o hermanas (debes tener 21 a\u00f1os de edad o m\u00e1s); y<\/li>\n<\/ul>\n<\/li>\n<\/ul>\n<\/li>\n\n\n\n<li><strong>If you are a lawful permanent resident of the United States<\/strong>:\n<ul class=\"wp-block-list\">\n<li><strong>Puede presentar el Formulario I-130 para:<\/strong>\n<ul class=\"wp-block-list\">\n<li>Tu c\u00f3nyuge;<\/li>\n\n\n\n<li>Sus hijos solteros menores de 21 a\u00f1os;<\/li>\n\n\n\n<li>Sus hijos o hijas solteros de 21 a\u00f1os de edad o m\u00e1s;<\/li>\n<\/ul>\n<\/li>\n<\/ul>\n<\/li>\n<\/ul>\n<\/li>\n\n\n\n<li><strong>Tr\u00e1mite Consular:<\/strong> Once you are&nbsp;the beneficiary of an approved immigrant petition and an immigrant visa number is immediately available to you, but you are outside of the United States, you may apply at a U.S. Department of State consulate abroad for an immigrant visa to come to the United States and be admitted as a permanent resident. Our attorneys can help you step by step until your case is closed and ready for your interview at the U.S. Consular Office in your country.<\/li>\n\n\n\n<li>&nbsp;<\/li>\n<\/ul>\n\n\n\n<ul class=\"wp-block-list\">\n<li>Nuestros abogados pueden ayudarle a traer a su ser querido a los Estados Unidos para casarse en este pa\u00eds y poder obtener una tarjeta verde una vez en territorio estadounidense.<\/li>\n\n\n\n<li><strong>Pasos:<\/strong>\n<ul class=\"wp-block-list\">\n<li>Si usted es un ciudadano estadounidense que desea traer a su prometido(a) extranjero(a) a los Estados Unidos para casarse, deber\u00e1 presentar un Formulario I-129F, Petici\u00f3n para prometido(a) extranjero(a).<\/li>\n\n\n\n<li>Para obtener una visa de prometido(a) K-1, usted y su prometido(a) deben tener la intenci\u00f3n de casarse entre s\u00ed dentro de los 90 d\u00edas posteriores al ingreso de su prometido(a) a los EE. UU. como no inmigrante K-1.<\/li>\n\n\n\n<li>Su matrimonio debe ser v\u00e1lido, lo que significa que tanto usted como su prometido(a) tienen la intenci\u00f3n genuina de establecer una vida juntos y que el matrimonio no es con el \u00fanico prop\u00f3sito de obtener un beneficio de inmigraci\u00f3n.<\/li>\n\n\n\n<li>If your fianc\u00e9(e) marries you within 90 days of being admitted to the United States as a K-1 nonimmigrant, he or she may apply for lawful permanent resident status in the United States (a Green Card).<\/li>\n\n\n\n<li><strong>&nbsp;<\/strong><\/li>\n<\/ul>\n<\/li>\n<\/ul>\n\n\n\n<p><strong>Permiso anticipado de DACA\/TPS<\/strong><\/p>\n\n\n\n<p><strong>PAROLE DACA\/TPS<\/strong><\/p>\n\n\n\n<ul class=\"wp-block-list\">\n<li><strong>Permiso anticipado de DACA\/TPS<\/strong> El permiso anticipado de viaje es un documento de viaje emitido por el Servicio de Ciudadan\u00eda e Inmigraci\u00f3n de los Estados Unidos (USCIS, por sus siglas en ingl\u00e9s) en el Formulario I-512L que permite a ciertos no ciudadanos que se encuentran dentro de los Estados Unidos salir y tratar de volver a ingresar al pa\u00eds despu\u00e9s de un viaje temporal al exterior. Nuestros abogados pueden ayudarlo a obtener este documento para que pueda viajar al exterior e incluso ajustar su estatus en el futuro en determinadas circunstancias:&nbsp;<\/li>\n\n\n\n<li><strong>TPS recipients:<\/strong> Debe tener un permiso de viaje anticipado v\u00e1lido para salir y volver a ingresar a los Estados Unidos sin romper el requisito de presencia f\u00edsica continua para mantener el TPS. El permiso de viaje anticipado se otorga rutinariamente a los beneficiarios del TPS sin documentaci\u00f3n del motivo espec\u00edfico del viaje.<\/li>\n\n\n\n<li><strong>Destinatarios de DACA:<\/strong> Los inmigrantes pueden solicitar un permiso de viaje anticipado, pero solo si necesitan viajar por motivos humanitarios, educativos o laborales. Los motivos humanitarios incluyen viajar para recibir tratamiento m\u00e9dico, asistir a los servicios funerarios de un familiar o visitar a un pariente enfermo. Los motivos educativos incluyen programas semestrales en el extranjero e investigaci\u00f3n acad\u00e9mica. Los motivos laborales incluyen asignaciones en el extranjero, entrevistas, conferencias, capacitaci\u00f3n o reuniones con clientes en el extranjero.<\/li>\n<\/ul>\n\n\n\n<div style=\"height:100px\" aria-hidden=\"true\" class=\"wp-block-spacer\"><\/div>\n\n\n\n<ul class=\"wp-block-social-links aligncenter is-layout-flex wp-block-social-links-is-layout-flex\"><li class=\"wp-social-link wp-social-link-facebook  wp-block-social-link\"><a rel=\"noopener nofollow\" target=\"_blank\" href=\"https:\/\/www.facebook.com\/profile.php?id=61561477615202\" class=\"wp-block-social-link-anchor\"><svg width=\"24\" height=\"24\" viewbox=\"0 0 24 24\" version=\"1.1\" xmlns=\"http:\/\/www.w3.org\/2000\/svg\" aria-hidden=\"true\" focusable=\"false\"><path d=\"M12 2C6.5 2 2 6.5 2 12c0 5 3.7 9.1 8.4 9.9v-7H7.9V12h2.5V9.8c0-2.5 1.5-3.9 3.8-3.9 1.1 0 2.2.2 2.2.2v2.5h-1.3c-1.2 0-1.6.8-1.6 1.6V12h2.8l-.4 2.9h-2.3v7C18.3 21.1 22 17 22 12c0-5.5-4.5-10-10-10z\"><\/path><\/svg><span class=\"wp-block-social-link-label screen-reader-text\">Facebook<\/span><\/a><\/li>\n\n<li class=\"wp-social-link wp-social-link-linkedin  wp-block-social-link\"><a rel=\"noopener nofollow\" target=\"_blank\" href=\"https:\/\/www.linkedin.com\/in\/liudmila-armas-marcelo-852a26198\/\" class=\"wp-block-social-link-anchor\"><svg width=\"24\" height=\"24\" viewbox=\"0 0 24 24\" version=\"1.1\" xmlns=\"http:\/\/www.w3.org\/2000\/svg\" aria-hidden=\"true\" focusable=\"false\"><path d=\"M19.7,3H4.3C3.582,3,3,3.582,3,4.3v15.4C3,20.418,3.582,21,4.3,21h15.4c0.718,0,1.3-0.582,1.3-1.3V4.3 C21,3.582,20.418,3,19.7,3z M8.339,18.338H5.667v-8.59h2.672V18.338z M7.004,8.574c-0.857,0-1.549-0.694-1.549-1.548 c0-0.855,0.691-1.548,1.549-1.548c0.854,0,1.547,0.694,1.547,1.548C8.551,7.881,7.858,8.574,7.004,8.574z M18.339,18.338h-2.669 v-4.177c0-0.996-0.017-2.278-1.387-2.278c-1.389,0-1.601,1.086-1.601,2.206v4.249h-2.667v-8.59h2.559v1.174h0.037 c0.356-0.675,1.227-1.387,2.526-1.387c2.703,0,3.203,1.779,3.203,4.092V18.338z\"><\/path><\/svg><span class=\"wp-block-social-link-label screen-reader-text\">LinkedIn<\/span><\/a><\/li>\n\n<li class=\"wp-social-link wp-social-link-instagram  wp-block-social-link\"><a rel=\"noopener nofollow\" target=\"_blank\" href=\"https:\/\/www.instagram.com\/abogadamarcelo\" class=\"wp-block-social-link-anchor\"><svg width=\"24\" height=\"24\" viewbox=\"0 0 24 24\" version=\"1.1\" xmlns=\"http:\/\/www.w3.org\/2000\/svg\" aria-hidden=\"true\" focusable=\"false\"><path d=\"M12,4.622c2.403,0,2.688,0.009,3.637,0.052c0.877,0.04,1.354,0.187,1.671,0.31c0.42,0.163,0.72,0.358,1.035,0.673 c0.315,0.315,0.51,0.615,0.673,1.035c0.123,0.317,0.27,0.794,0.31,1.671c0.043,0.949,0.052,1.234,0.052,3.637 s-0.009,2.688-0.052,3.637c-0.04,0.877-0.187,1.354-0.31,1.671c-0.163,0.42-0.358,0.72-0.673,1.035 c-0.315,0.315-0.615,0.51-1.035,0.673c-0.317,0.123-0.794,0.27-1.671,0.31c-0.949,0.043-1.233,0.052-3.637,0.052 s-2.688-0.009-3.637-0.052c-0.877-0.04-1.354-0.187-1.671-0.31c-0.42-0.163-0.72-0.358-1.035-0.673 c-0.315-0.315-0.51-0.615-0.673-1.035c-0.123-0.317-0.27-0.794-0.31-1.671C4.631,14.688,4.622,14.403,4.622,12 s0.009-2.688,0.052-3.637c0.04-0.877,0.187-1.354,0.31-1.671c0.163-0.42,0.358-0.72,0.673-1.035 c0.315-0.315,0.615-0.51,1.035-0.673c0.317-0.123,0.794-0.27,1.671-0.31C9.312,4.631,9.597,4.622,12,4.622 M12,3 C9.556,3,9.249,3.01,8.289,3.054C7.331,3.098,6.677,3.25,6.105,3.472C5.513,3.702,5.011,4.01,4.511,4.511 c-0.5,0.5-0.808,1.002-1.038,1.594C3.25,6.677,3.098,7.331,3.054,8.289C3.01,9.249,3,9.556,3,12c0,2.444,0.01,2.751,0.054,3.711 c0.044,0.958,0.196,1.612,0.418,2.185c0.23,0.592,0.538,1.094,1.038,1.594c0.5,0.5,1.002,0.808,1.594,1.038 c0.572,0.222,1.227,0.375,2.185,0.418C9.249,20.99,9.556,21,12,21s2.751-0.01,3.711-0.054c0.958-0.044,1.612-0.196,2.185-0.418 c0.592-0.23,1.094-0.538,1.594-1.038c0.5-0.5,0.808-1.002,1.038-1.594c0.222-0.572,0.375-1.227,0.418-2.185 C20.99,14.751,21,14.444,21,12s-0.01-2.751-0.054-3.711c-0.044-0.958-0.196-1.612-0.418-2.185c-0.23-0.592-0.538-1.094-1.038-1.594 c-0.5-0.5-1.002-0.808-1.594-1.038c-0.572-0.222-1.227-0.375-2.185-0.418C14.751,3.01,14.444,3,12,3L12,3z M12,7.378 c-2.552,0-4.622,2.069-4.622,4.622S9.448,16.622,12,16.622s4.622-2.069,4.622-4.622S14.552,7.378,12,7.378z M12,15 c-1.657,0-3-1.343-3-3s1.343-3,3-3s3,1.343,3,3S13.657,15,12,15z M16.804,6.116c-0.596,0-1.08,0.484-1.08,1.08 s0.484,1.08,1.08,1.08c0.596,0,1.08-0.484,1.08-1.08S17.401,6.116,16.804,6.116z\"><\/path><\/svg><span class=\"wp-block-social-link-label screen-reader-text\">Instagram<\/span><\/a><\/li>\n\n<li class=\"wp-social-link wp-social-link-tiktok  wp-block-social-link\"><a rel=\"noopener nofollow\" target=\"_blank\" href=\"https:\/\/www.tiktok.com\/@abogadaliudmilamarcelo\" class=\"wp-block-social-link-anchor\"><svg width=\"24\" height=\"24\" viewbox=\"0 0 32 32\" version=\"1.1\" xmlns=\"http:\/\/www.w3.org\/2000\/svg\" aria-hidden=\"true\" focusable=\"false\"><path d=\"M16.708 0.027c1.745-0.027 3.48-0.011 5.213-0.027 0.105 2.041 0.839 4.12 2.333 5.563 1.491 1.479 3.6 2.156 5.652 2.385v5.369c-1.923-0.063-3.855-0.463-5.6-1.291-0.76-0.344-1.468-0.787-2.161-1.24-0.009 3.896 0.016 7.787-0.025 11.667-0.104 1.864-0.719 3.719-1.803 5.255-1.744 2.557-4.771 4.224-7.88 4.276-1.907 0.109-3.812-0.411-5.437-1.369-2.693-1.588-4.588-4.495-4.864-7.615-0.032-0.667-0.043-1.333-0.016-1.984 0.24-2.537 1.495-4.964 3.443-6.615 2.208-1.923 5.301-2.839 8.197-2.297 0.027 1.975-0.052 3.948-0.052 5.923-1.323-0.428-2.869-0.308-4.025 0.495-0.844 0.547-1.485 1.385-1.819 2.333-0.276 0.676-0.197 1.427-0.181 2.145 0.317 2.188 2.421 4.027 4.667 3.828 1.489-0.016 2.916-0.88 3.692-2.145 0.251-0.443 0.532-0.896 0.547-1.417 0.131-2.385 0.079-4.76 0.095-7.145 0.011-5.375-0.016-10.735 0.025-16.093z\" \/><\/svg><span class=\"wp-block-social-link-label screen-reader-text\">TikTok<\/span><\/a><\/li><\/ul>\n\n\n<div id=\"wpgmza_map\" class=\"wpgmza_map\" data-settings='{\"id\":\"1\",\"map_title\":\"Marcelo, PA\",\"map_width\":100,\"map_height\":\"400\",\"map_start_lat\":\"36.778261\",\"map_start_lng\":\"-119.4179323999\",\"map_start_location\":\"45.950464398418106,-109.81550500000003\",\"map_start_zoom\":\"3\",\"default_marker\":\"\",\"type\":\"0\",\"alignment\":\"4\",\"directions_enabled\":\"0\",\"styling_enabled\":\"0\",\"styling_json\":\"\",\"active\":\"0\",\"kml\":\"\",\"bicycle\":\"0\",\"traffic\":\"0\",\"dbox\":\"0\",\"dbox_width\":\"\",\"listmarkers\":\"0\",\"listmarkers_advanced\":\"0\",\"filterbycat\":\"0\",\"ugm_enabled\":\"0\",\"ugm_category_enabled\":\"0\",\"fusion\":\"\",\"map_width_type\":\"%\",\"map_height_type\":\"px\",\"mass_marker_support\":\"0\",\"ugm_access\":\"0\",\"order_markers_by\":\"0\",\"order_markers_choice\":\"0\",\"show_user_location\":\"0\",\"default_to\":\"\",\"other_settings\":{\"map_type\":1,\"sl_stroke_color\":\"\",\"sl_fill_color\":\"\",\"sl_stroke_opacity\":\"\",\"sl_fill_opacity\":\"\",\"transport_layer\":false,\"action\":\"wpgmza_save_map\",\"redirect_to\":\"\\\/wp-admin\\\/admin-post.php\",\"map_id\":\"1\",\"http_referer\":\"\\\/wp-admin\\\/admin.php?page=wp-google-maps-menu&amp;amp;action=edit&amp;amp;map_id=1\",\"wpgmza_id\":\"1\",\"wpgmza_start_location\":\"36.778261,-119.4179323999\",\"wpgmza_start_zoom\":\"4\",\"store_locator_enabled\":false,\"store_locator_search_area\":\"radial\",\"wpgmza_store_locator_radius_style\":\"legacy\",\"wpgmza_store_locator_default_radius\":\"10\",\"store_locator_auto_area_max_zoom\":\"\",\"store_locator_distance\":false,\"wpgmza_store_locator_position\":false,\"store_locator_show_distance\":false,\"store_locator_category\":false,\"wpgmza_store_locator_use_their_location\":false,\"wpgmza_store_locator_bounce\":false,\"wpgmza_sl_animation\":null,\"wpgmza_store_locator_hide_before_search\":false,\"store_locator_query_string\":\"\",\"store_locator_location_placeholder\":\"\",\"store_locator_default_address\":\"\",\"store_locator_name_search\":false,\"store_locator_name_string\":\"\",\"store_locator_not_found_message\":\"\",\"wpgmza_map_align\":\"1\",\"jump_to_nearest_marker_on_initialization\":false,\"automatically_pan_to_users_location\":false,\"override_users_location_zoom_level\":false,\"override_users_location_zoom_levels\":\"\",\"show_distance_from_location\":false,\"map_max_zoom\":\"21\",\"map_min_zoom\":\"0\",\"click_open_link\":false,\"fit_maps_bounds_to_markers\":false,\"fit_maps_bounds_to_markers_after_filtering\":false,\"hide_point_of_interest\":false,\"wpgmza_zoom_on_marker_click\":false,\"wpgmza_zoom_on_marker_click_slider\":\"\",\"close_infowindow_on_map_click\":false,\"disable_lightbox_images\":false,\"use_Raw_Jpeg_Coordinates\":false,\"disable_polygon_info_windows\":false,\"enable_marker_ratings\":false,\"enable_marker_labels\":false,\"only_load_markers_within_viewport\":false,\"zoom_level_mobile_override_enabled\":false,\"zoom_level_mobile_override\":\"\",\"iw_primary_color\":\"#000000\",\"iw_accent_color\":\"#000000\",\"iw_text_color\":\"#000000\",\"wpgmza_listmarkers_by\":\"0\",\"wpgmza_marker_listing_position\":false,\"zoom_level_on_marker_listing_override\":false,\"zoom_level_on_marker_listing_click\":\"\",\"marker_listing_disable_zoom\":false,\"datatable_no_result_message\":\"\",\"remove_search_box_datables\":false,\"dataTable_pagination_style\":null,\"datatable_search_string\":\"\",\"datatable_result_start\":\"\",\"datatable_result_of\":\"\",\"datatable_result_to\":\"\",\"datatable_result_total\":\"\",\"datatable_result_show\":\"\",\"datatable_result_entries\":\"\",\"wpgmza_savemap\":\"Save Map \\u00bb\"}}' data-map-id='1' data-maps-engine='open-layers' data-shortcode-attributes='{\"id\":\"1\"}' style=\"display:block; overflow:auto; width:100%; height:400px; float:left;\"><\/div>","protected":false},"excerpt":{"rendered":"<p>Advance parole from DACA\/TPS PAROLE DACA\/TPS<\/p>","protected":false},"author":1,"featured_media":0,"parent":0,"menu_order":0,"comment_status":"closed","ping_status":"closed","template":"","meta":{"neve_meta_sidebar":"","neve_meta_container":"","neve_meta_enable_content_width":"","neve_meta_content_width":0,"neve_meta_title_alignment":"","neve_meta_author_avatar":"","neve_post_elements_order":"","neve_meta_disable_header":"","neve_meta_disable_footer":"","neve_meta_disable_title":"","footnotes":""},"class_list":["post-361","page","type-page","status-publish","hentry"],"_links":{"self":[{"href":"https:\/\/abogada-marcelo.com\/es\/wp-json\/wp\/v2\/pages\/361","targetHints":{"allow":["GET"]}}],"collection":[{"href":"https:\/\/abogada-marcelo.com\/es\/wp-json\/wp\/v2\/pages"}],"about":[{"href":"https:\/\/abogada-marcelo.com\/es\/wp-json\/wp\/v2\/types\/page"}],"author":[{"embeddable":true,"href":"https:\/\/abogada-marcelo.com\/es\/wp-json\/wp\/v2\/users\/1"}],"replies":[{"embeddable":true,"href":"https:\/\/abogada-marcelo.com\/es\/wp-json\/wp\/v2\/comments?post=361"}],"version-history":[{"count":4,"href":"https:\/\/abogada-marcelo.com\/es\/wp-json\/wp\/v2\/pages\/361\/revisions"}],"predecessor-version":[{"id":501,"href":"https:\/\/abogada-marcelo.com\/es\/wp-json\/wp\/v2\/pages\/361\/revisions\/501"}],"wp:attachment":[{"href":"https:\/\/abogada-marcelo.com\/es\/wp-json\/wp\/v2\/media?parent=361"}],"curies":[{"name":"wp","href":"https:\/\/api.w.org\/{rel}","templated":true}]}}