{"id":375,"date":"2024-06-22T13:42:08","date_gmt":"2024-06-22T13:42:08","guid":{"rendered":"http:\/\/abogada-marcelo.com\/?page_id=375"},"modified":"2024-07-06T17:38:50","modified_gmt":"2024-07-06T17:38:50","slug":"tps","status":"publish","type":"page","link":"https:\/\/abogada-marcelo.com\/es\/tps\/","title":{"rendered":"TPS"},"content":{"rendered":"<div class=\"wp-block-cover alignfull is-light wp-duotone-094850-f9644e-2\" style=\"margin-top:0;padding-top:48px;padding-right:48px;padding-bottom:48px;padding-left:48px;min-height:564px;aspect-ratio:unset;\"><span aria-hidden=\"true\" class=\"wp-block-cover__background has-background-dim-30 has-background-dim\" style=\"background-color:#ddb8c4\"><\/span><img loading=\"lazy\" decoding=\"async\" width=\"996\" height=\"664\" class=\"wp-block-cover__image-background wp-image-376\" alt=\"\" src=\"http:\/\/abogada-marcelo.com\/wp-content\/uploads\/2024\/06\/waivers-1.png\" data-object-fit=\"cover\" srcset=\"https:\/\/abogada-marcelo.com\/wp-content\/uploads\/2024\/06\/waivers-1.png 996w, https:\/\/abogada-marcelo.com\/wp-content\/uploads\/2024\/06\/waivers-1-300x200.png 300w, https:\/\/abogada-marcelo.com\/wp-content\/uploads\/2024\/06\/waivers-1-768x512.png 768w, https:\/\/abogada-marcelo.com\/wp-content\/uploads\/2024\/06\/waivers-1-18x12.png 18w, https:\/\/abogada-marcelo.com\/wp-content\/uploads\/2024\/06\/waivers-1-930x620.png 930w\" sizes=\"auto, (max-width: 996px) 100vw, 996px\" \/><div class=\"wp-block-cover__inner-container is-layout-flow wp-block-cover-is-layout-flow\">\n<div class=\"wp-block-group is-content-justification-left\"><div class=\"wp-block-group__inner-container is-layout-constrained wp-container-core-group-is-layout-7206f975 wp-block-group-is-layout-constrained\">\n<h2 class=\"wp-block-heading has-text-align-left has-white-color has-text-color\" style=\"font-size:100px;font-style:normal;font-weight:700;letter-spacing:0px;line-height:1;text-transform:uppercase\"><strong>Estatus de protecci\u00f3n temporal<\/strong><\/h2>\n<\/div><\/div>\n\n\n\n<div style=\"height:19px\" aria-hidden=\"true\" class=\"wp-block-spacer\"><\/div>\n\n\n\n<div class=\"wp-block-buttons is-content-justification-left is-nowrap is-layout-flex wp-container-core-buttons-is-layout-6447b855 wp-block-buttons-is-layout-flex\">\n<div class=\"wp-block-button has-custom-font-size is-style-outline is-style-outline--1\" style=\"font-size:16px;font-style:normal;font-weight:600;letter-spacing:0px;text-transform:uppercase\"><a class=\"wp-block-button__link has-white-color has-text-color wp-element-button\" href=\"http:\/\/abogada-marcelo.com\/es\/contact\/\" style=\"padding-top:24px;padding-right:48px;padding-bottom:24px;padding-left:48px\">CONT\u00c1CTAME<\/a><\/div>\n<\/div>\n<\/div><\/div>\n\n\n\n<div style=\"height:59px\" aria-hidden=\"true\" class=\"wp-block-spacer\"><\/div>\n\n\n\n<p><strong>Estatus de protecci\u00f3n temporal<\/strong> El TPS permite que ciertas personas nacidas en el extranjero que se encuentran en los Estados Unidos reciban protecci\u00f3n temporal contra la deportaci\u00f3n y permiso para trabajar. Esta protecci\u00f3n temporal se otorga cuando el pa\u00eds de origen de la persona atraviesa dificultades o conflictos que hacen que el regreso sea insostenible o una amenaza directa para el bienestar y la seguridad de esa persona. El Departamento de Seguridad Nacional designa qu\u00e9 pa\u00edses califican para el TPS, el per\u00edodo por el cual se otorga la protecci\u00f3n y las fechas y los procedimientos para solicitarlo. Nuestros abogados pueden evaluar su caso para determinar si califica para esta protecci\u00f3n y tambi\u00e9n pueden ayudarlo a renovar su estatus.<\/p>\n\n\n\n<p><strong>C\u00f3mo presentar una petici\u00f3n para el estatus de protecci\u00f3n temporal (TPS)<\/strong><\/p>\n\n\n\n<p>Cuando las condiciones en un pa\u00eds se deterioran hasta el punto en que ya no es seguro vivir all\u00ed, Estados Unidos ofrece refugio a trav\u00e9s de una visa de no inmigrante llamada Estatus de Protecci\u00f3n Temporal (TPS). Nuestros abogados de inmigraci\u00f3n han ayudado a miles de clientes en todo Estados Unidos a presentar las peticiones y protecciones de inmigraci\u00f3n necesarias para permanecer seguros en Estados Unidos.<\/p>\n\n\n\n<p><strong>\u00bfQu\u00e9 es el estatus de protecci\u00f3n temporal?<\/strong><\/p>\n\n\n\n<p>El Servicio de Ciudadan\u00eda e Inmigraci\u00f3n de los Estados Unidos (USCIS, por sus siglas en ingl\u00e9s) permite el TPS cuando existen condiciones en el pa\u00eds de origen del extranjero que no le permitir\u00e1n regresar de manera segura a \u00e9l. El USCIS mantiene una lista actualizada de pa\u00edses que actualmente est\u00e1n designados para el TPS. El TPS puede otorgarse en casos como:<\/p>\n\n\n\n<ul class=\"wp-block-list\">\n<li>Guerra o conflictos armados en curso<\/li>\n\n\n\n<li>Desastres ambientales<\/li>\n\n\n\n<li>Otras condiciones extraordinarias<\/li>\n<\/ul>\n\n\n\n<p>Con el TPS, los extranjeros no pueden ser deportados ni tienen que enfrentar un proceso de deportaci\u00f3n. Se les permite conseguir empleo en los Estados Unidos e incluso se les puede autorizar a viajar fuera del pa\u00eds.<\/p>\n\n\n\n<p><strong>\u00bfEl TPS permite la oportunidad de solicitar una tarjeta verde?<\/strong><\/p>\n\n\n\n<p>El TPS no le permite solicitar el estatus de residente permanente legal (LPR) (tarjeta verde). Sin embargo, puede solicitar otros estatus de no inmigrante disponibles. Si se aplica otro estatus de no inmigrante, aquellos a quienes se les ha otorgado el TSP pueden solicitar y presentar una petici\u00f3n para un ajuste de estatus. El asilo pol\u00edtico es otra opci\u00f3n probable para un ciudadano extranjero que se encuentra actualmente en el pa\u00eds bajo el TPS.<\/p>\n\n\n\n<p><strong>Contacte a nuestros abogados de inmigraci\u00f3n hoy<\/strong><\/p>\n\n\n\n<p>Nuestros abogados de inmigraci\u00f3n con experiencia est\u00e1n disponibles para consultas en persona, por tel\u00e9fono o por videoconferencia en l\u00ednea. Para programar su cita, llame a nuestra oficina al (561)-619-7130 o env\u00ede un correo electr\u00f3nico utilizando el formulario en nuestro sitio web. Aceptamos tarjetas de cr\u00e9dito para citas de consulta. Se habla espa\u00f1ol.<\/p>\n\n\n\n<div style=\"height:100px\" aria-hidden=\"true\" class=\"wp-block-spacer\"><\/div>\n\n\n\n<ul class=\"wp-block-social-links aligncenter is-layout-flex wp-block-social-links-is-layout-flex\"><li class=\"wp-social-link wp-social-link-facebook  wp-block-social-link\"><a rel=\"noopener nofollow\" target=\"_blank\" href=\"https:\/\/www.facebook.com\/profile.php?id=61561477615202\" class=\"wp-block-social-link-anchor\"><svg width=\"24\" height=\"24\" viewbox=\"0 0 24 24\" version=\"1.1\" xmlns=\"http:\/\/www.w3.org\/2000\/svg\" aria-hidden=\"true\" focusable=\"false\"><path d=\"M12 2C6.5 2 2 6.5 2 12c0 5 3.7 9.1 8.4 9.9v-7H7.9V12h2.5V9.8c0-2.5 1.5-3.9 3.8-3.9 1.1 0 2.2.2 2.2.2v2.5h-1.3c-1.2 0-1.6.8-1.6 1.6V12h2.8l-.4 2.9h-2.3v7C18.3 21.1 22 17 22 12c0-5.5-4.5-10-10-10z\"><\/path><\/svg><span class=\"wp-block-social-link-label screen-reader-text\">Facebook<\/span><\/a><\/li>\n\n<li class=\"wp-social-link wp-social-link-linkedin  wp-block-social-link\"><a rel=\"noopener nofollow\" target=\"_blank\" href=\"https:\/\/www.linkedin.com\/in\/liudmila-armas-marcelo-852a26198\/\" class=\"wp-block-social-link-anchor\"><svg width=\"24\" height=\"24\" viewbox=\"0 0 24 24\" version=\"1.1\" xmlns=\"http:\/\/www.w3.org\/2000\/svg\" aria-hidden=\"true\" focusable=\"false\"><path d=\"M19.7,3H4.3C3.582,3,3,3.582,3,4.3v15.4C3,20.418,3.582,21,4.3,21h15.4c0.718,0,1.3-0.582,1.3-1.3V4.3 C21,3.582,20.418,3,19.7,3z M8.339,18.338H5.667v-8.59h2.672V18.338z M7.004,8.574c-0.857,0-1.549-0.694-1.549-1.548 c0-0.855,0.691-1.548,1.549-1.548c0.854,0,1.547,0.694,1.547,1.548C8.551,7.881,7.858,8.574,7.004,8.574z M18.339,18.338h-2.669 v-4.177c0-0.996-0.017-2.278-1.387-2.278c-1.389,0-1.601,1.086-1.601,2.206v4.249h-2.667v-8.59h2.559v1.174h0.037 c0.356-0.675,1.227-1.387,2.526-1.387c2.703,0,3.203,1.779,3.203,4.092V18.338z\"><\/path><\/svg><span class=\"wp-block-social-link-label screen-reader-text\">LinkedIn<\/span><\/a><\/li>\n\n<li class=\"wp-social-link wp-social-link-instagram  wp-block-social-link\"><a rel=\"noopener nofollow\" target=\"_blank\" href=\"https:\/\/www.instagram.com\/abogadamarcelo\" class=\"wp-block-social-link-anchor\"><svg width=\"24\" height=\"24\" viewbox=\"0 0 24 24\" version=\"1.1\" xmlns=\"http:\/\/www.w3.org\/2000\/svg\" aria-hidden=\"true\" focusable=\"false\"><path d=\"M12,4.622c2.403,0,2.688,0.009,3.637,0.052c0.877,0.04,1.354,0.187,1.671,0.31c0.42,0.163,0.72,0.358,1.035,0.673 c0.315,0.315,0.51,0.615,0.673,1.035c0.123,0.317,0.27,0.794,0.31,1.671c0.043,0.949,0.052,1.234,0.052,3.637 s-0.009,2.688-0.052,3.637c-0.04,0.877-0.187,1.354-0.31,1.671c-0.163,0.42-0.358,0.72-0.673,1.035 c-0.315,0.315-0.615,0.51-1.035,0.673c-0.317,0.123-0.794,0.27-1.671,0.31c-0.949,0.043-1.233,0.052-3.637,0.052 s-2.688-0.009-3.637-0.052c-0.877-0.04-1.354-0.187-1.671-0.31c-0.42-0.163-0.72-0.358-1.035-0.673 c-0.315-0.315-0.51-0.615-0.673-1.035c-0.123-0.317-0.27-0.794-0.31-1.671C4.631,14.688,4.622,14.403,4.622,12 s0.009-2.688,0.052-3.637c0.04-0.877,0.187-1.354,0.31-1.671c0.163-0.42,0.358-0.72,0.673-1.035 c0.315-0.315,0.615-0.51,1.035-0.673c0.317-0.123,0.794-0.27,1.671-0.31C9.312,4.631,9.597,4.622,12,4.622 M12,3 C9.556,3,9.249,3.01,8.289,3.054C7.331,3.098,6.677,3.25,6.105,3.472C5.513,3.702,5.011,4.01,4.511,4.511 c-0.5,0.5-0.808,1.002-1.038,1.594C3.25,6.677,3.098,7.331,3.054,8.289C3.01,9.249,3,9.556,3,12c0,2.444,0.01,2.751,0.054,3.711 c0.044,0.958,0.196,1.612,0.418,2.185c0.23,0.592,0.538,1.094,1.038,1.594c0.5,0.5,1.002,0.808,1.594,1.038 c0.572,0.222,1.227,0.375,2.185,0.418C9.249,20.99,9.556,21,12,21s2.751-0.01,3.711-0.054c0.958-0.044,1.612-0.196,2.185-0.418 c0.592-0.23,1.094-0.538,1.594-1.038c0.5-0.5,0.808-1.002,1.038-1.594c0.222-0.572,0.375-1.227,0.418-2.185 C20.99,14.751,21,14.444,21,12s-0.01-2.751-0.054-3.711c-0.044-0.958-0.196-1.612-0.418-2.185c-0.23-0.592-0.538-1.094-1.038-1.594 c-0.5-0.5-1.002-0.808-1.594-1.038c-0.572-0.222-1.227-0.375-2.185-0.418C14.751,3.01,14.444,3,12,3L12,3z M12,7.378 c-2.552,0-4.622,2.069-4.622,4.622S9.448,16.622,12,16.622s4.622-2.069,4.622-4.622S14.552,7.378,12,7.378z M12,15 c-1.657,0-3-1.343-3-3s1.343-3,3-3s3,1.343,3,3S13.657,15,12,15z M16.804,6.116c-0.596,0-1.08,0.484-1.08,1.08 s0.484,1.08,1.08,1.08c0.596,0,1.08-0.484,1.08-1.08S17.401,6.116,16.804,6.116z\"><\/path><\/svg><span class=\"wp-block-social-link-label screen-reader-text\">Instagram<\/span><\/a><\/li>\n\n<li class=\"wp-social-link wp-social-link-tiktok  wp-block-social-link\"><a rel=\"noopener nofollow\" target=\"_blank\" href=\"https:\/\/www.tiktok.com\/@abogadaliudmilamarcelo\" class=\"wp-block-social-link-anchor\"><svg width=\"24\" height=\"24\" viewbox=\"0 0 32 32\" version=\"1.1\" xmlns=\"http:\/\/www.w3.org\/2000\/svg\" aria-hidden=\"true\" focusable=\"false\"><path d=\"M16.708 0.027c1.745-0.027 3.48-0.011 5.213-0.027 0.105 2.041 0.839 4.12 2.333 5.563 1.491 1.479 3.6 2.156 5.652 2.385v5.369c-1.923-0.063-3.855-0.463-5.6-1.291-0.76-0.344-1.468-0.787-2.161-1.24-0.009 3.896 0.016 7.787-0.025 11.667-0.104 1.864-0.719 3.719-1.803 5.255-1.744 2.557-4.771 4.224-7.88 4.276-1.907 0.109-3.812-0.411-5.437-1.369-2.693-1.588-4.588-4.495-4.864-7.615-0.032-0.667-0.043-1.333-0.016-1.984 0.24-2.537 1.495-4.964 3.443-6.615 2.208-1.923 5.301-2.839 8.197-2.297 0.027 1.975-0.052 3.948-0.052 5.923-1.323-0.428-2.869-0.308-4.025 0.495-0.844 0.547-1.485 1.385-1.819 2.333-0.276 0.676-0.197 1.427-0.181 2.145 0.317 2.188 2.421 4.027 4.667 3.828 1.489-0.016 2.916-0.88 3.692-2.145 0.251-0.443 0.532-0.896 0.547-1.417 0.131-2.385 0.079-4.76 0.095-7.145 0.011-5.375-0.016-10.735 0.025-16.093z\" \/><\/svg><span class=\"wp-block-social-link-label screen-reader-text\">TikTok<\/span><\/a><\/li><\/ul>\n\n\n<div id=\"wpgmza_map\" class=\"wpgmza_map\" data-settings='{\"id\":\"1\",\"map_title\":\"Marcelo, PA\",\"map_width\":100,\"map_height\":\"400\",\"map_start_lat\":\"36.778261\",\"map_start_lng\":\"-119.4179323999\",\"map_start_location\":\"45.950464398418106,-109.81550500000003\",\"map_start_zoom\":\"3\",\"default_marker\":\"\",\"type\":\"0\",\"alignment\":\"4\",\"directions_enabled\":\"0\",\"styling_enabled\":\"0\",\"styling_json\":\"\",\"active\":\"0\",\"kml\":\"\",\"bicycle\":\"0\",\"traffic\":\"0\",\"dbox\":\"0\",\"dbox_width\":\"\",\"listmarkers\":\"0\",\"listmarkers_advanced\":\"0\",\"filterbycat\":\"0\",\"ugm_enabled\":\"0\",\"ugm_category_enabled\":\"0\",\"fusion\":\"\",\"map_width_type\":\"%\",\"map_height_type\":\"px\",\"mass_marker_support\":\"0\",\"ugm_access\":\"0\",\"order_markers_by\":\"0\",\"order_markers_choice\":\"0\",\"show_user_location\":\"0\",\"default_to\":\"\",\"other_settings\":{\"map_type\":1,\"sl_stroke_color\":\"\",\"sl_fill_color\":\"\",\"sl_stroke_opacity\":\"\",\"sl_fill_opacity\":\"\",\"transport_layer\":false,\"action\":\"wpgmza_save_map\",\"redirect_to\":\"\\\/wp-admin\\\/admin-post.php\",\"map_id\":\"1\",\"http_referer\":\"\\\/wp-admin\\\/admin.php?page=wp-google-maps-menu&amp;amp;action=edit&amp;amp;map_id=1\",\"wpgmza_id\":\"1\",\"wpgmza_start_location\":\"36.778261,-119.4179323999\",\"wpgmza_start_zoom\":\"4\",\"store_locator_enabled\":false,\"store_locator_search_area\":\"radial\",\"wpgmza_store_locator_radius_style\":\"legacy\",\"wpgmza_store_locator_default_radius\":\"10\",\"store_locator_auto_area_max_zoom\":\"\",\"store_locator_distance\":false,\"wpgmza_store_locator_position\":false,\"store_locator_show_distance\":false,\"store_locator_category\":false,\"wpgmza_store_locator_use_their_location\":false,\"wpgmza_store_locator_bounce\":false,\"wpgmza_sl_animation\":null,\"wpgmza_store_locator_hide_before_search\":false,\"store_locator_query_string\":\"\",\"store_locator_location_placeholder\":\"\",\"store_locator_default_address\":\"\",\"store_locator_name_search\":false,\"store_locator_name_string\":\"\",\"store_locator_not_found_message\":\"\",\"wpgmza_map_align\":\"1\",\"jump_to_nearest_marker_on_initialization\":false,\"automatically_pan_to_users_location\":false,\"override_users_location_zoom_level\":false,\"override_users_location_zoom_levels\":\"\",\"show_distance_from_location\":false,\"map_max_zoom\":\"21\",\"map_min_zoom\":\"0\",\"click_open_link\":false,\"fit_maps_bounds_to_markers\":false,\"fit_maps_bounds_to_markers_after_filtering\":false,\"hide_point_of_interest\":false,\"wpgmza_zoom_on_marker_click\":false,\"wpgmza_zoom_on_marker_click_slider\":\"\",\"close_infowindow_on_map_click\":false,\"disable_lightbox_images\":false,\"use_Raw_Jpeg_Coordinates\":false,\"disable_polygon_info_windows\":false,\"enable_marker_ratings\":false,\"enable_marker_labels\":false,\"only_load_markers_within_viewport\":false,\"zoom_level_mobile_override_enabled\":false,\"zoom_level_mobile_override\":\"\",\"iw_primary_color\":\"#000000\",\"iw_accent_color\":\"#000000\",\"iw_text_color\":\"#000000\",\"wpgmza_listmarkers_by\":\"0\",\"wpgmza_marker_listing_position\":false,\"zoom_level_on_marker_listing_override\":false,\"zoom_level_on_marker_listing_click\":\"\",\"marker_listing_disable_zoom\":false,\"datatable_no_result_message\":\"\",\"remove_search_box_datables\":false,\"dataTable_pagination_style\":null,\"datatable_search_string\":\"\",\"datatable_result_start\":\"\",\"datatable_result_of\":\"\",\"datatable_result_to\":\"\",\"datatable_result_total\":\"\",\"datatable_result_show\":\"\",\"datatable_result_entries\":\"\",\"wpgmza_savemap\":\"Save Map \\u00bb\"}}' data-map-id='1' data-maps-engine='open-layers' data-shortcode-attributes='{\"id\":\"1\"}' style=\"display:block; overflow:auto; width:100%; height:400px; float:left;\"><\/div>","protected":false},"excerpt":{"rendered":"<p>Temporary Protected Status (TPS): TPS allows certain foreign-born persons in the United States to receive temporary protection from deportation and permission to work. This Temporary Protection is granted when the person\u2019s home country is experiencing difficulties or conflicts that make returning untenable, or a direct threat to the wellbeing and safety of that person. The&hellip;&nbsp;<a href=\"https:\/\/abogada-marcelo.com\/es\/tps\/\" rel=\"bookmark\">Leer m\u00e1s &raquo;<span class=\"screen-reader-text\">TPS<\/span><\/a><\/p>","protected":false},"author":1,"featured_media":0,"parent":0,"menu_order":0,"comment_status":"closed","ping_status":"closed","template":"","meta":{"neve_meta_sidebar":"","neve_meta_container":"","neve_meta_enable_content_width":"","neve_meta_content_width":0,"neve_meta_title_alignment":"","neve_meta_author_avatar":"","neve_post_elements_order":"","neve_meta_disable_header":"","neve_meta_disable_footer":"","neve_meta_disable_title":"","footnotes":""},"class_list":["post-375","page","type-page","status-publish","hentry"],"_links":{"self":[{"href":"https:\/\/abogada-marcelo.com\/es\/wp-json\/wp\/v2\/pages\/375","targetHints":{"allow":["GET"]}}],"collection":[{"href":"https:\/\/abogada-marcelo.com\/es\/wp-json\/wp\/v2\/pages"}],"about":[{"href":"https:\/\/abogada-marcelo.com\/es\/wp-json\/wp\/v2\/types\/page"}],"author":[{"embeddable":true,"href":"https:\/\/abogada-marcelo.com\/es\/wp-json\/wp\/v2\/users\/1"}],"replies":[{"embeddable":true,"href":"https:\/\/abogada-marcelo.com\/es\/wp-json\/wp\/v2\/comments?post=375"}],"version-history":[{"count":5,"href":"https:\/\/abogada-marcelo.com\/es\/wp-json\/wp\/v2\/pages\/375\/revisions"}],"predecessor-version":[{"id":515,"href":"https:\/\/abogada-marcelo.com\/es\/wp-json\/wp\/v2\/pages\/375\/revisions\/515"}],"wp:attachment":[{"href":"https:\/\/abogada-marcelo.com\/es\/wp-json\/wp\/v2\/media?parent=375"}],"curies":[{"name":"wp","href":"https:\/\/api.w.org\/{rel}","templated":true}]}}